{"id":8,"date":"2025-07-10T07:43:47","date_gmt":"2025-07-10T07:43:47","guid":{"rendered":"http:\/\/www.soma-impulse.com\/?page_id=8"},"modified":"2026-04-08T10:19:54","modified_gmt":"2026-04-08T10:19:54","slug":"accueil","status":"publish","type":"page","link":"https:\/\/www.soma-impulse.com\/index.php\/accueil\/","title":{"rendered":"Accueil"},"content":{"rendered":"\n<div class=\"wp-block-cover alignfull\" style=\"margin-top:0;margin-bottom:0;padding-top:0;padding-bottom:0;min-height:540px;aspect-ratio:unset;\"><span aria-hidden=\"true\" class=\"wp-block-cover__background has-background-dim-100 has-background-dim\" style=\"background-color:#27405d\"><\/span><div class=\"wp-block-cover__inner-container is-layout-constrained wp-block-cover-is-layout-constrained\">\n<div class=\"inherit-container-width wp-block-group alignwide is-layout-constrained wp-block-group-is-layout-constrained\">\n<div class=\"wp-block-media-text alignwide has-media-on-the-right is-stacked-on-mobile is-vertically-aligned-center\" style=\"grid-template-columns:auto 43%\"><div class=\"wp-block-media-text__content\">\n<h1 class=\"wp-block-heading has-text-align-left has-white-color has-text-color has-large-font-size\" style=\"margin-top:var(--wp--preset--spacing--30);margin-right:0;margin-bottom:var(--wp--preset--spacing--30);margin-left:0;line-height:1\">Deviens praticien en technique psycho -corporelle<\/h1>\n\n\n\n<p class=\"has-white-color has-text-color has-link-color wp-elements-c1604aeb378b6fbde285dde596a83a48\">Devenir praticien Soma ImPulse, c\u2019est plus qu\u2019apprendre une m\u00e9thode. C\u2019est se transformer pour transformer le monde.<\/p>\n\n\n\n<div class=\"wp-block-buttons is-layout-flex wp-block-buttons-is-layout-flex\">\n<div class=\"wp-block-button has-custom-width wp-block-button__width-100\"><a class=\"wp-block-button__link has-background has-custom-font-size wp-element-button\" href=\"https:\/\/go.lesvoyagesdelinsoumis.com\/soma-pulse\/\" style=\"border-style:none;border-width:0px;border-radius:24px;background-color:#fabf13;font-size:32px\">\ud83d\udc49 Je veux en savoir plus<\/a><\/div>\n<\/div>\n<\/div><figure class=\"wp-block-media-text__media\"><img loading=\"lazy\" decoding=\"async\" width=\"706\" height=\"353\" src=\"http:\/\/www.soma-impulse.com\/wp-content\/uploads\/2026\/03\/logosomaecole-removebg-preview.png\" alt=\"\" class=\"wp-image-182 size-full\" srcset=\"https:\/\/www.soma-impulse.com\/wp-content\/uploads\/2026\/03\/logosomaecole-removebg-preview.png 706w, https:\/\/www.soma-impulse.com\/wp-content\/uploads\/2026\/03\/logosomaecole-removebg-preview-300x150.png 300w\" sizes=\"auto, (max-width: 706px) 100vw, 706px\" \/><\/figure><\/div>\n<\/div>\n<\/div><\/div>\n\n\n\n<div class=\"wp-block-group alignfull has-background is-layout-constrained wp-block-group-is-layout-constrained\" style=\"background-color:#0f1926;margin-bottom:0;padding-bottom:11px\">\n<div class=\"wp-block-columns are-vertically-aligned-top is-layout-flex wp-container-core-columns-is-layout-00723822 wp-block-columns-is-layout-flex\">\n<div class=\"wp-block-column is-vertically-aligned-top is-layout-flow wp-container-core-column-is-layout-6b73ce23 wp-block-column-is-layout-flow\">\n<figure class=\"wp-block-image size-large\"><img decoding=\"async\" src=\"http:\/\/www.soma-impulse.com\/wp-content\/themes\/astra\/inc\/assets\/images\/starter-content\/building.svg\" alt=\"\" class=\"wp-image-134\"\/><\/figure>\n\n\n\n<h3 class=\"wp-block-heading\" style=\"margin-top:0px\">Formation d\u2019excellence<\/h3>\n\n\n\n<p class=\"has-text-align-left\"><\/p>\n<\/div>\n\n\n\n<div class=\"wp-block-column is-vertically-aligned-top is-layout-flow wp-container-core-column-is-layout-6b73ce23 wp-block-column-is-layout-flow\">\n<figure class=\"wp-block-image size-large\"><img decoding=\"async\" src=\"http:\/\/www.soma-impulse.com\/wp-content\/themes\/astra\/inc\/assets\/images\/starter-content\/shopping-bag.svg\" alt=\"\" class=\"wp-image-135\"\/><\/figure>\n\n\n\n<h3 class=\"wp-block-heading\" style=\"margin-top:0px\">En pr\u00e9sentiel et en \u00e0 distance<\/h3>\n\n\n\n<p class=\"has-text-align-left\"><\/p>\n<\/div>\n\n\n\n<div class=\"wp-block-column is-vertically-aligned-top is-layout-flow wp-container-core-column-is-layout-6b73ce23 wp-block-column-is-layout-flow\">\n<figure class=\"wp-block-image size-large\"><img decoding=\"async\" src=\"http:\/\/www.soma-impulse.com\/wp-content\/themes\/astra\/inc\/assets\/images\/starter-content\/blog.svg\" alt=\"\" class=\"wp-image-136\"\/><\/figure>\n\n\n\n<h3 class=\"wp-block-heading\" style=\"margin-top:0px\">Supervision personnaliser en continue<\/h3>\n\n\n\n<p class=\"has-text-align-left\"><\/p>\n<\/div>\n\n\n\n<div class=\"wp-block-column is-vertically-aligned-top is-layout-flow wp-container-core-column-is-layout-6b73ce23 wp-block-column-is-layout-flow\">\n<figure class=\"wp-block-image size-large\"><img decoding=\"async\" src=\"http:\/\/www.soma-impulse.com\/wp-content\/themes\/astra\/inc\/assets\/images\/starter-content\/portfolio.svg\" alt=\"\" class=\"wp-image-137\"\/><\/figure>\n\n\n\n<h3 class=\"wp-block-heading\" style=\"margin-top:0px\">Nous te trouvons tes clients<\/h3>\n\n\n\n<p class=\"has-text-align-left\"><\/p>\n<\/div>\n<\/div>\n<\/div>\n\n\n\n<div class=\"wp-block-group alignfull has-background is-layout-constrained wp-container-core-group-is-layout-37f786ab wp-block-group-is-layout-constrained\" style=\"background-color:#27405d;padding-top:40px;padding-bottom:0px\">\n<h2 class=\"wp-block-heading has-text-color has-link-color has-large-font-size wp-elements-acb3c62fcb8c9cfc2259e463e5ab11b4\" style=\"color:#fabf13;line-height:0.9\">Devient praticien psycho-corporel :<\/h2>\n\n\n\n<p class=\"has-ast-global-color-2-color has-text-color has-link-color wp-elements-287caec13b252cd39de5b4eb2c10cdd0\" style=\"font-size:25px\">Transforme les blocages en libert\u00e9<\/p>\n\n\n\n<p class=\"has-ast-global-color-2-color has-text-color has-link-color wp-elements-fb4e596a6a2deb5a16bcc9434fdd5ec2\" style=\"font-size:20px\">Devenir th\u00e9rapeute en&nbsp;<strong>Soma Pulse Therap<\/strong>y, ce n\u2019est pas seulement apprendre une m\u00e9thode.<\/p>\n\n\n\n<p class=\"has-ast-global-color-2-color has-text-color has-link-color wp-elements-2080623e3a710a001ca2bf33e4851725\" style=\"font-size:24px\"><\/p>\n\n\n\n<div class=\"wp-block-columns is-layout-flex wp-container-core-columns-is-layout-60cbf9bb wp-block-columns-is-layout-flex\" style=\"margin-top:50px\">\n<div class=\"wp-block-column is-layout-flow wp-container-core-column-is-layout-6b73ce23 wp-block-column-is-layout-flow\">\n<figure class=\"wp-block-image size-full has-custom-border\"><img loading=\"lazy\" decoding=\"async\" width=\"1024\" height=\"1536\" src=\"https:\/\/www.soma-impulse.com\/wp-content\/uploads\/2026\/03\/somapulse.png\" alt=\"\" class=\"wp-image-199\" style=\"border-width:7px;border-radius:32px\" srcset=\"https:\/\/www.soma-impulse.com\/wp-content\/uploads\/2026\/03\/somapulse.png 1024w, https:\/\/www.soma-impulse.com\/wp-content\/uploads\/2026\/03\/somapulse-200x300.png 200w, https:\/\/www.soma-impulse.com\/wp-content\/uploads\/2026\/03\/somapulse-683x1024.png 683w, https:\/\/www.soma-impulse.com\/wp-content\/uploads\/2026\/03\/somapulse-768x1152.png 768w\" sizes=\"auto, (max-width: 1024px) 100vw, 1024px\" \/><\/figure>\n\n\n\n<h3 class=\"wp-block-heading\" style=\"margin-top:36px;font-size:18px\"><\/h3>\n<\/div>\n\n\n\n<div class=\"wp-block-column is-layout-flow wp-container-core-column-is-layout-6b73ce23 wp-block-column-is-layout-flow\">\n<figure class=\"wp-block-image size-full has-custom-border\"><img loading=\"lazy\" decoding=\"async\" width=\"1024\" height=\"1536\" src=\"http:\/\/www.soma-impulse.com\/wp-content\/uploads\/2025\/07\/therapie-douc.png\" alt=\"\" class=\"wp-image-68\" style=\"border-width:7px;border-radius:32px\" srcset=\"https:\/\/www.soma-impulse.com\/wp-content\/uploads\/2025\/07\/therapie-douc.png 1024w, https:\/\/www.soma-impulse.com\/wp-content\/uploads\/2025\/07\/therapie-douc-200x300.png 200w, https:\/\/www.soma-impulse.com\/wp-content\/uploads\/2025\/07\/therapie-douc-683x1024.png 683w\" sizes=\"auto, (max-width: 1024px) 100vw, 1024px\" \/><\/figure>\n\n\n\n<h3 class=\"wp-block-heading\" style=\"margin-top:36px;font-size:18px\"><\/h3>\n\n\n\n<p class=\"has-white-color has-text-color\"><\/p>\n<\/div>\n\n\n\n<div class=\"wp-block-column is-layout-flow wp-container-core-column-is-layout-6b73ce23 wp-block-column-is-layout-flow\">\n<figure class=\"wp-block-image size-full has-custom-border\"><img loading=\"lazy\" decoding=\"async\" width=\"1024\" height=\"1536\" src=\"https:\/\/www.soma-impulse.com\/wp-content\/uploads\/2026\/04\/liencorps-1.png\" alt=\"\" class=\"wp-image-238\" style=\"border-width:7px;border-radius:32px\" srcset=\"https:\/\/www.soma-impulse.com\/wp-content\/uploads\/2026\/04\/liencorps-1.png 1024w, https:\/\/www.soma-impulse.com\/wp-content\/uploads\/2026\/04\/liencorps-1-200x300.png 200w, https:\/\/www.soma-impulse.com\/wp-content\/uploads\/2026\/04\/liencorps-1-683x1024.png 683w, https:\/\/www.soma-impulse.com\/wp-content\/uploads\/2026\/04\/liencorps-1-768x1152.png 768w\" sizes=\"auto, (max-width: 1024px) 100vw, 1024px\" \/><\/figure>\n\n\n\n<h3 class=\"wp-block-heading\" style=\"margin-top:36px;font-size:18px\"><\/h3>\n\n\n\n<p class=\"has-ast-global-color-2-color has-text-color has-link-color wp-elements-7708e5358324f31e2ed1a4181b5e765d\" style=\"margin-bottom:var(--wp--preset--spacing--40)\"><\/p>\n<\/div>\n<\/div>\n<\/div>\n\n\n\n<div class=\"wp-block-group alignfull has-background is-layout-constrained wp-container-core-group-is-layout-8916a4ee wp-block-group-is-layout-constrained\" style=\"border-style:none;border-width:0px;background-color:#e02b20;padding-top:var(--wp--preset--spacing--60);padding-right:0rem;padding-bottom:var(--wp--preset--spacing--60);padding-left:0rem\">\n<p class=\"has-text-align-center has-ast-global-color-2-color has-text-color has-link-color has-large-font-size wp-elements-46f8fabe8922705c6c54f68f8ea274b3\" style=\"padding-right:0;padding-left:0;line-height:0.9\">                                                                       <strong>Eric Loison<\/strong><\/p>\n\n\n\n<div class=\"wp-block-uagb-image aligncenter uagb-block-b7a32f93 wp-block-uagb-image--layout-default wp-block-uagb-image--effect-zoomin wp-block-uagb-image--align-center\"><figure class=\"wp-block-uagb-image__figure\"><img decoding=\"async\" srcset=\"https:\/\/www.soma-impulse.com\/wp-content\/uploads\/2026\/03\/photoEric-Loison-242x300.jpeg ,http:\/\/www.soma-impulse.com\/wp-content\/uploads\/2026\/03\/photoEric-Loison.jpeg 780w, http:\/\/www.soma-impulse.com\/wp-content\/uploads\/2026\/03\/photoEric-Loison.jpeg 360w\" sizes=\"auto, (max-width: 480px) 150px\" src=\"https:\/\/www.soma-impulse.com\/wp-content\/uploads\/2026\/03\/photoEric-Loison-242x300.jpeg\" alt=\"\" class=\"uag-image-210\" width=\"242\" height=\"300\" title=\"\" loading=\"lazy\" role=\"presentation\"\/><\/figure><\/div>\n\n\n\n\n\n<p class=\"has-text-align-center has-ast-global-color-2-color has-text-color has-link-color wp-elements-ca5f42aeccd1f49a89c3d9715bae5e76\" style=\"font-size:22px;line-height:1.6\"><\/p>\n\n\n\n<div class=\"wp-block-uagb-advanced-heading uagb-block-994c0f8d\"><h2 class=\"uagb-heading-text\">Pendant longtemps, j\u2019ai cherch\u00e9 \u00e0 comprendre ce qui limite profond\u00e9ment l\u2019\u00eatre humain.<br>Puis j\u2019ai compris que les v\u00e9ritables blocages ne sont pas ext\u00e9rieurs\u2026 mais int\u00e9rieurs.<br>Depuis plus de 35 ans, j\u2019accompagne des femmes et des hommes dans la compr\u00e9hension et la transformation de leurs m\u00e9canismes profonds.<br>\u00c0 travers plus de <strong>70 000 consultations<\/strong>, j\u2019ai d\u00e9velopp\u00e9 une approche \u00e0 la fois pr\u00e9cise, structur\u00e9e et profond\u00e9ment humaine.<\/h2><\/div>\n\n\n\n<div class=\"wp-block-uagb-advanced-heading uagb-block-1e00095f\"><h2 class=\"uagb-heading-text\">Mes travaux ont \u00e9t\u00e9 reconnus et soutenus, notamment \u00e0 travers des ouvrages pr\u00e9fac\u00e9s par Le professeur Henri Joyeux.<br>J\u2019ai \u00e9galement transmis mes m\u00e9thodes pendant plusieurs ann\u00e9es, y compris aupr\u00e8s de <strong>professeurs d\u2019universit\u00e9 de psychologie<\/strong>, t\u00e9moignant de leur port\u00e9e et de leur pertinence.<br>Aujourd\u2019hui, j\u2019exerce notamment au sein de la Clinique de la Colline, un environnement d\u2019exigence et de rigueur, en coh\u00e9rence avec mon approche.<\/h2><\/div>\n\n\n\n<div class=\"wp-block-uagb-advanced-heading uagb-block-96dd1eb7\"><h2 class=\"uagb-heading-text\">Mais au-del\u00e0 des parcours et des reconnaissances, ma vocation est rest\u00e9e la m\u00eame :<br>accompagner le passage.<br>Le passage d\u2019un \u00e9tat de blocage \u00e0 un \u00e9tat de clart\u00e9.<br>Le passage d\u2019une vie subie \u00e0 une vie choisie.<br>La <strong>Soma Pulse Therapy<\/strong> est l\u2019aboutissement de ce chemin.<br>Une m\u00e9thode exigeante et structur\u00e9e.<br>Une transmission profonde.<br>Une vision : former des praticiens capables d\u2019accompagner des transformations durables, avec justesse, pr\u00e9cision et responsabilit\u00e9.<\/h2><\/div>\n<\/div>\n\n\n\n<div class=\"wp-block-group alignfull has-background is-layout-constrained wp-container-core-group-is-layout-ee89106c wp-block-group-is-layout-constrained\" style=\"background-color:#0f1926;padding-top:52px;padding-bottom:75px\">\n<div class=\"wp-block-media-text has-media-on-the-right is-stacked-on-mobile is-vertically-aligned-center\" style=\"border-style:none;border-width:0px;margin-top:0;margin-bottom:0;padding-top:0;padding-right:0;padding-bottom:0;padding-left:0;grid-template-columns:auto 44%\"><div class=\"wp-block-media-text__content\">\n<div class=\"inherit-container-width wp-block-group is-layout-constrained wp-container-core-group-is-layout-47ce07ec wp-block-group-is-layout-constrained\" style=\"padding-right:80px\">\n<h2 class=\"wp-block-heading has-medium-font-size\" style=\"padding-right:0px;line-height:1\">J\u2019ai fond\u00e9 <strong>l\u2019\u00e9cole&nbsp;internationale Soma Impulse<\/strong>&nbsp;parce que je crois profond\u00e9ment qu\u2019on ne soigne pas avec des techniques, mais avec un \u00eatre&nbsp; un \u00eatre conscient, form\u00e9, ancr\u00e9, libre.<\/h2>\n\n\n\n<p class=\"has-ast-global-color-2-color has-text-color has-medium-font-size\" style=\"line-height:1\">Durant des ann\u00e9es, j\u2019ai observ\u00e9 deux mondes : Celui de la th\u00e9rapie, souvent trop flou ou trop rigide\u2026<\/p>\n\n\n\n<p class=\"has-ast-global-color-2-color has-text-color\" style=\"font-size:20px;line-height:1\">et celui des humains en souffrance, en qu\u00eate de clart\u00e9, de s\u00e9curit\u00e9, de transformation.<\/p>\n\n\n\n<p class=\"has-ast-global-color-2-color has-text-color\" style=\"font-size:20px;line-height:1\">Entre les deux, j\u2019ai voulu cr\u00e9er un&nbsp;<strong>pont vivant<\/strong>, incarn\u00e9, exigeant.<br>C\u2019est ainsi qu\u2019est n\u00e9e<strong>&nbsp;la Soma Pulse Th\u00e9rapie<\/strong>&nbsp;: une approche qui replace le corps au c\u0153ur du soin, tout en offrant un cadre m\u00e9thodologique rigoureux et \u00e9volutif.<\/p>\n\n\n\n<p class=\"has-ast-global-color-2-color has-text-color\">&nbsp;<\/p>\n<\/div>\n<\/div><figure class=\"wp-block-media-text__media\"><img loading=\"lazy\" decoding=\"async\" width=\"486\" height=\"276\" src=\"http:\/\/www.soma-impulse.com\/wp-content\/uploads\/2025\/07\/Image1.png\" alt=\"\" class=\"wp-image-66 size-full\" srcset=\"https:\/\/www.soma-impulse.com\/wp-content\/uploads\/2025\/07\/Image1.png 486w, https:\/\/www.soma-impulse.com\/wp-content\/uploads\/2025\/07\/Image1-300x170.png 300w\" sizes=\"auto, (max-width: 486px) 100vw, 486px\" \/><\/figure><\/div>\n\n\n\n<div class=\"wp-block-uagb-buttons uagb-buttons__outer-wrap uagb-btn__default-btn uagb-btn-tablet__default-btn uagb-btn-mobile__default-btn uagb-block-7220e1fe\"><div class=\"uagb-buttons__wrap uagb-buttons-layout-wrap \">\n<div data-aos= \"fade-down\" data-aos-duration=\"400\" data-aos-delay=\"0\" data-aos-easing=\"ease\" data-aos-once=\"true\" class=\"wp-block-uagb-buttons-child uagb-buttons__outer-wrap uagb-block-08373299 wp-block-button\"><div class=\"uagb-button__wrapper\"><a class=\"uagb-buttons-repeater wp-block-button__link\" aria-label=\"\" href=\"https:\/\/go.lesvoyagesdelinsoumis.com\/soma-pulse\/\" rel=\"follow noopener\" target=\"_self\" role=\"button\"><div class=\"uagb-button__link\">\ud83d\udc49 Toutes les infos<\/div><\/a><\/div><\/div>\n<\/div><\/div>\n<\/div>\n\n\n\n<div class=\"wp-block-group alignfull has-background is-layout-constrained wp-container-core-group-is-layout-b41c27a7 wp-block-group-is-layout-constrained\" style=\"background-color:#0f1926;padding-top:44px;padding-bottom:44px\">\n<h2 class=\"wp-block-heading\" style=\"font-size:32px;line-height:1.2\"><strong>L\u2019\u00e9cole Soma Impulse<\/strong> s\u2019inscrit dans un \u00e9lan de transformation profonde du monde de l\u2019accompagnement.<\/h2>\n\n\n\n<div class=\"wp-block-columns is-layout-flex wp-container-core-columns-is-layout-29aadeec wp-block-columns-is-layout-flex\" style=\"margin-top:60px\">\n<div class=\"wp-block-column is-layout-flow wp-container-core-column-is-layout-6b73ce23 wp-block-column-is-layout-flow\">\n<figure class=\"wp-block-image size-large\"><img decoding=\"async\" src=\"http:\/\/www.soma-impulse.com\/wp-content\/themes\/astra\/inc\/assets\/images\/starter-content\/passionate.svg\" alt=\"\" class=\"wp-image-162\"\/><\/figure>\n\n\n\n<h3 class=\"wp-block-heading\" style=\"margin-top:16px\"><strong>R\u00e9volutionner la pr\u00e9vention sant\u00e9<\/strong><\/h3>\n\n\n\n<p class=\"has-ast-global-color-2-color has-text-color\">Offrir une approche int\u00e9grative, humaniste et respectueuse de la complexit\u00e9 humaine pour faire \u00e9voluer durablement les pratiques de pr\u00e9vention vers plus de pertinence, de coh\u00e9rence et de r\u00e9sultats tangibles.<\/p>\n<\/div>\n\n\n\n<div class=\"wp-block-column is-layout-flow wp-container-core-column-is-layout-6b73ce23 wp-block-column-is-layout-flow\">\n<figure class=\"wp-block-image size-large\"><img decoding=\"async\" src=\"http:\/\/www.soma-impulse.com\/wp-content\/themes\/astra\/inc\/assets\/images\/starter-content\/professional.svg\" alt=\"\" class=\"wp-image-163\"\/><\/figure>\n\n\n\n<h3 class=\"wp-block-heading\" style=\"margin-top:16px\"><strong>Humaniser la relation th\u00e9rapeutique<\/strong><\/h3>\n\n\n\n<p class=\"has-ast-global-color-2-color has-text-color\">Replacer la qualit\u00e9 de pr\u00e9sence, l\u2019\u00e9coute active, l\u2019alliance th\u00e9rapeutique et l\u2019intelligence du c\u0153ur au centre de toute d\u00e9marche d\u2019accompagnement.<\/p>\n<\/div>\n\n\n\n<div class=\"wp-block-column is-layout-flow wp-container-core-column-is-layout-6b73ce23 wp-block-column-is-layout-flow\">\n<figure class=\"wp-block-image size-large\"><img decoding=\"async\" src=\"http:\/\/www.soma-impulse.com\/wp-content\/themes\/astra\/inc\/assets\/images\/starter-content\/support.svg\" alt=\"\" class=\"wp-image-164\"\/><\/figure>\n\n\n\n<h3 class=\"wp-block-heading\" style=\"margin-top:16px\"><strong>Faire primer l\u2019observation vivante sur les statistiques mortes<\/strong><\/h3>\n\n\n\n<p class=\"has-ast-global-color-2-color has-text-color\">Redonner toute sa place \u00e0 l\u2019observation directe des faits, des signes cliniques, de l\u2019\u00e9volution du terrain et du v\u00e9cu subjectif de la personne, plut\u00f4t qu\u2019\u00e0 une standardisation abstraite souvent d\u00e9connect\u00e9e de la r\u00e9alit\u00e9 individuelle.<\/p>\n<\/div>\n<\/div>\n<\/div>\n\n\n\n<p><\/p>\n","protected":false},"excerpt":{"rendered":"<p>Formation d\u2019excellence En pr\u00e9sentiel et en \u00e0 distance Supervision personnaliser en continue Nous te trouvons tes clients Devient praticien psycho-corporel [&hellip;]<\/p>\n","protected":false},"author":1,"featured_media":0,"parent":0,"menu_order":0,"comment_status":"closed","ping_status":"closed","template":"","meta":{"_uag_custom_page_level_css":"","site-sidebar-layout":"no-sidebar","site-content-layout":"plain-container","ast-site-content-layout":"default","site-content-style":"default","site-sidebar-style":"default","ast-global-header-display":"","ast-banner-title-visibility":"","ast-main-header-display":"","ast-hfb-above-header-display":"","ast-hfb-below-header-display":"","ast-hfb-mobile-header-display":"","site-post-title":"disabled","ast-breadcrumbs-content":"","ast-featured-img":"disabled","footer-sml-layout":"","ast-disable-related-posts":"","theme-transparent-header-meta":"enabled","adv-header-id-meta":"","stick-header-meta":"","header-above-stick-meta":"","header-main-stick-meta":"","header-below-stick-meta":"","astra-migrate-meta-layouts":"default","ast-page-background-enabled":"default","ast-page-background-meta":{"desktop":{"background-color":"var(--ast-global-color-5)","background-image":"","background-repeat":"repeat","background-position":"center center","background-size":"auto","background-attachment":"scroll","background-type":"","background-media":"","overlay-type":"","overlay-color":"","overlay-opacity":"","overlay-gradient":""},"tablet":{"background-color":"","background-image":"","background-repeat":"repeat","background-position":"center center","background-size":"auto","background-attachment":"scroll","background-type":"","background-media":"","overlay-type":"","overlay-color":"","overlay-opacity":"","overlay-gradient":""},"mobile":{"background-color":"","background-image":"","background-repeat":"repeat","background-position":"center center","background-size":"auto","background-attachment":"scroll","background-type":"","background-media":"","overlay-type":"","overlay-color":"","overlay-opacity":"","overlay-gradient":""}},"ast-content-background-meta":{"desktop":{"background-color":"var(--ast-global-color-4)","background-image":"","background-repeat":"repeat","background-position":"center center","background-size":"auto","background-attachment":"scroll","background-type":"","background-media":"","overlay-type":"","overlay-color":"","overlay-opacity":"","overlay-gradient":""},"tablet":{"background-color":"var(--ast-global-color-4)","background-image":"","background-repeat":"repeat","background-position":"center center","background-size":"auto","background-attachment":"scroll","background-type":"","background-media":"","overlay-type":"","overlay-color":"","overlay-opacity":"","overlay-gradient":""},"mobile":{"background-color":"var(--ast-global-color-4)","background-image":"","background-repeat":"repeat","background-position":"center center","background-size":"auto","background-attachment":"scroll","background-type":"","background-media":"","overlay-type":"","overlay-color":"","overlay-opacity":"","overlay-gradient":""}},"footnotes":""},"class_list":["post-8","page","type-page","status-publish","hentry"],"uagb_featured_image_src":{"full":false,"thumbnail":false,"medium":false,"medium_large":false,"large":false,"1536x1536":false,"2048x2048":false},"uagb_author_info":{"display_name":"somaimn","author_link":"https:\/\/www.soma-impulse.com\/index.php\/author\/somaimn\/"},"uagb_comment_info":0,"uagb_excerpt":"Formation d\u2019excellence En pr\u00e9sentiel et en \u00e0 distance Supervision personnaliser en continue Nous te trouvons tes clients Devient praticien psycho-corporel [&hellip;]","_links":{"self":[{"href":"https:\/\/www.soma-impulse.com\/index.php\/wp-json\/wp\/v2\/pages\/8","targetHints":{"allow":["GET"]}}],"collection":[{"href":"https:\/\/www.soma-impulse.com\/index.php\/wp-json\/wp\/v2\/pages"}],"about":[{"href":"https:\/\/www.soma-impulse.com\/index.php\/wp-json\/wp\/v2\/types\/page"}],"author":[{"embeddable":true,"href":"https:\/\/www.soma-impulse.com\/index.php\/wp-json\/wp\/v2\/users\/1"}],"replies":[{"embeddable":true,"href":"https:\/\/www.soma-impulse.com\/index.php\/wp-json\/wp\/v2\/comments?post=8"}],"version-history":[{"count":200,"href":"https:\/\/www.soma-impulse.com\/index.php\/wp-json\/wp\/v2\/pages\/8\/revisions"}],"predecessor-version":[{"id":344,"href":"https:\/\/www.soma-impulse.com\/index.php\/wp-json\/wp\/v2\/pages\/8\/revisions\/344"}],"wp:attachment":[{"href":"https:\/\/www.soma-impulse.com\/index.php\/wp-json\/wp\/v2\/media?parent=8"}],"curies":[{"name":"wp","href":"https:\/\/api.w.org\/{rel}","templated":true}]}}